{"id":14,"date":"2016-03-30T20:17:35","date_gmt":"2016-03-30T20:17:35","guid":{"rendered":"http:\/\/www.alfa-net.com\/?page_id=14"},"modified":"2016-04-06T14:03:26","modified_gmt":"2016-04-06T14:03:26","slug":"o-nama","status":"publish","type":"page","link":"http:\/\/www.alfa-net.com\/?page_id=14","title":{"rendered":"O nama"},"content":{"rendered":"<p>Preduze\u0107e <b>AlfaNet informatika d.o.o.<\/b> je osnovano 1997. godine. Za svega par godina AlfaNet informatika je postala firma sa najkompletnijom informati\u010dkom ponudom u Prijedoru.<\/p>\n<p>Od samog po\u010detka rada AlfaNet je poznat i kao najja\u010di ra\u010dunarski servis u gradu, zahvaljuju\u0107i dugogodi\u0161njem iskustvu o ovoj oblasti, re\u0161avamo i najte\u017ee kvarove.<\/p>\n","protected":false},"excerpt":{"rendered":"<p>Preduze\u0107e AlfaNet informatika d.o.o. je osnovano 1997. godine. Za svega par godina AlfaNet informatika je postala firma sa najkompletnijom informati\u010dkom ponudom u Prijedoru. Od samog po\u010detka rada AlfaNet je poznat i kao najja\u010di ra\u010dunarski servis u gradu, zahvaljuju\u0107i dugogodi\u0161njem iskustvu o ovoj oblasti, re\u0161avamo i najte\u017ee kvarove.<\/p>\n","protected":false},"author":1,"featured_media":0,"parent":0,"menu_order":0,"comment_status":"closed","ping_status":"closed","template":"","meta":{"footnotes":""},"class_list":["post-14","page","type-page","status-publish","hentry"],"wppr_data":[],"_links":{"self":[{"href":"http:\/\/www.alfa-net.com\/index.php?rest_route=\/wp\/v2\/pages\/14","targetHints":{"allow":["GET"]}}],"collection":[{"href":"http:\/\/www.alfa-net.com\/index.php?rest_route=\/wp\/v2\/pages"}],"about":[{"href":"http:\/\/www.alfa-net.com\/index.php?rest_route=\/wp\/v2\/types\/page"}],"author":[{"embeddable":true,"href":"http:\/\/www.alfa-net.com\/index.php?rest_route=\/wp\/v2\/users\/1"}],"replies":[{"embeddable":true,"href":"http:\/\/www.alfa-net.com\/index.php?rest_route=%2Fwp%2Fv2%2Fcomments&post=14"}],"version-history":[{"count":3,"href":"http:\/\/www.alfa-net.com\/index.php?rest_route=\/wp\/v2\/pages\/14\/revisions"}],"predecessor-version":[{"id":117,"href":"http:\/\/www.alfa-net.com\/index.php?rest_route=\/wp\/v2\/pages\/14\/revisions\/117"}],"wp:attachment":[{"href":"http:\/\/www.alfa-net.com\/index.php?rest_route=%2Fwp%2Fv2%2Fmedia&parent=14"}],"curies":[{"name":"wp","href":"https:\/\/api.w.org\/{rel}","templated":true}]}}