{"id":20,"date":"2016-03-30T20:21:03","date_gmt":"2016-03-30T20:21:03","guid":{"rendered":"http:\/\/www.alfa-net.com\/?page_id=20"},"modified":"2016-05-30T13:26:02","modified_gmt":"2016-05-30T13:26:02","slug":"prodaja","status":"publish","type":"page","link":"http:\/\/www.alfa-net.com\/?page_id=20","title":{"rendered":"Prodaja"},"content":{"rendered":"<p>Vr\u0161imo prodaju ra\u010dunara\/laptop-ova, kako novih, tako i polovnih.<\/p>\n<p>Mo\u017eete se opredeliti za standardne konfiguracije koje mi imamo u ponudi ili vam mo\u017eemo sastaviti konfiguraciju po va\u0161im \u017eeljama i potrebama, uz besplatan stru\u010dni savet.<\/p>\n<p>Tako\u0111e vam mo\u017eemo ponuditi i svu periferiju koja vam je potrebna za ra\u010dunar (Monitre, skenere, \u0161tampa\u010de, stick memorije&#8230;), kao i sav potro\u0161ni materijal.<\/p>\n<p>&nbsp;<\/p>\n","protected":false},"excerpt":{"rendered":"<p>Vr\u0161imo prodaju ra\u010dunara\/laptop-ova, kako novih, tako i polovnih. Mo\u017eete se opredeliti za standardne konfiguracije koje mi imamo u ponudi ili vam mo\u017eemo sastaviti konfiguraciju po va\u0161im \u017eeljama i potrebama, uz besplatan stru\u010dni savet. Tako\u0111e vam mo\u017eemo ponuditi i svu periferiju koja vam je potrebna za ra\u010dunar (Monitre, skenere, \u0161tampa\u010de, stick memorije&#8230;), kao i sav potro\u0161ni<a href=\"http:\/\/www.alfa-net.com\/?page_id=20\">[&#8230;]<\/a><\/p>\n","protected":false},"author":1,"featured_media":0,"parent":0,"menu_order":0,"comment_status":"closed","ping_status":"closed","template":"","meta":{"footnotes":""},"class_list":["post-20","page","type-page","status-publish","hentry"],"wppr_data":{"cwp_meta_box_check":"No"},"_links":{"self":[{"href":"http:\/\/www.alfa-net.com\/index.php?rest_route=\/wp\/v2\/pages\/20","targetHints":{"allow":["GET"]}}],"collection":[{"href":"http:\/\/www.alfa-net.com\/index.php?rest_route=\/wp\/v2\/pages"}],"about":[{"href":"http:\/\/www.alfa-net.com\/index.php?rest_route=\/wp\/v2\/types\/page"}],"author":[{"embeddable":true,"href":"http:\/\/www.alfa-net.com\/index.php?rest_route=\/wp\/v2\/users\/1"}],"replies":[{"embeddable":true,"href":"http:\/\/www.alfa-net.com\/index.php?rest_route=%2Fwp%2Fv2%2Fcomments&post=20"}],"version-history":[{"count":6,"href":"http:\/\/www.alfa-net.com\/index.php?rest_route=\/wp\/v2\/pages\/20\/revisions"}],"predecessor-version":[{"id":469,"href":"http:\/\/www.alfa-net.com\/index.php?rest_route=\/wp\/v2\/pages\/20\/revisions\/469"}],"wp:attachment":[{"href":"http:\/\/www.alfa-net.com\/index.php?rest_route=%2Fwp%2Fv2%2Fmedia&parent=20"}],"curies":[{"name":"wp","href":"https:\/\/api.w.org\/{rel}","templated":true}]}}