{"id":41,"date":"2016-03-31T18:42:13","date_gmt":"2016-03-31T18:42:13","guid":{"rendered":"http:\/\/www.alfa-net.com\/?page_id=41"},"modified":"2019-03-21T11:51:17","modified_gmt":"2019-03-21T11:51:17","slug":"internet","status":"publish","type":"page","link":"http:\/\/www.alfa-net.com\/?page_id=41","title":{"rendered":"Internet"},"content":{"rendered":"<p align=\"justify\">Be\u017ei\u010dni internet je servis koji Vam omogu\u0107ava da bez telefonske linije ili kablovske mre\u017ee imate stalni pristup internetu putem radio talasa. U uslovima u kojima je jako te\u0161ko do\u0107i do telefonske linije, a veze su lo\u0161e, be\u017ei\u010dni internet predstavlja pravo rje\u0161enje za Vas.<\/p>\n<p align=\"justify\">Da biste mogli da se koristite mogu\u0107nostima be\u017ei\u010dnog interneta potrebno je da imate:<\/p>\n<ul>\n<li>be\u017ei\u010dnu karticu ili ure\u0111aj<\/li>\n<li>antenu (ukoliko ure\u0111aj nema ugra\u0111enu antenu)<\/li>\n<li>otvoren nalog na PoenNet<\/li>\n<\/ul>\n<p align=\"justify\">Sam koncept rada je zasnovan na radio talasima pomo\u0107u kojih se prenose podaci od na\u0161ih servera do Va\u0161e antene.<\/p>\n<p align=\"justify\">Prilikom pristupanja u na\u0161u be\u017ei\u010dnu mre\u017eu, Vi se odlu\u010dujete za paket usluga koji Vama najvi\u0161e odgovara.<\/p>\n<hr \/>\n<p align=\"justify\">Detaljnije informacije oko pristupa na\u0161oj be\u017ei\u010dnoj mre\u017ei mo\u017eete da prona\u0107i na <a href=\"http:\/\/www.poen.net\">www.poen.net.<\/a><\/p>\n<p align=\"justify\">Pravila kori\u0161tenja i ostala pravna dokumenta vezana za internet pristup mo\u017eete prona\u0107i na <a href=\"http:\/\/www.poen.net\/terms_of_services\">ovom linku<\/a>.<\/p>\n","protected":false},"excerpt":{"rendered":"<p>Be\u017ei\u010dni internet je servis koji Vam omogu\u0107ava da bez telefonske linije ili kablovske mre\u017ee imate stalni pristup internetu putem radio talasa. U uslovima u kojima je jako te\u0161ko do\u0107i do telefonske linije, a veze su lo\u0161e, be\u017ei\u010dni internet predstavlja pravo rje\u0161enje za Vas. Da biste mogli da se koristite mogu\u0107nostima be\u017ei\u010dnog interneta potrebno je da<a href=\"http:\/\/www.alfa-net.com\/?page_id=41\">[&#8230;]<\/a><\/p>\n","protected":false},"author":1,"featured_media":0,"parent":0,"menu_order":0,"comment_status":"closed","ping_status":"closed","template":"","meta":{"footnotes":""},"class_list":["post-41","page","type-page","status-publish","hentry"],"wppr_data":{"cwp_meta_box_check":"No"},"_links":{"self":[{"href":"http:\/\/www.alfa-net.com\/index.php?rest_route=\/wp\/v2\/pages\/41","targetHints":{"allow":["GET"]}}],"collection":[{"href":"http:\/\/www.alfa-net.com\/index.php?rest_route=\/wp\/v2\/pages"}],"about":[{"href":"http:\/\/www.alfa-net.com\/index.php?rest_route=\/wp\/v2\/types\/page"}],"author":[{"embeddable":true,"href":"http:\/\/www.alfa-net.com\/index.php?rest_route=\/wp\/v2\/users\/1"}],"replies":[{"embeddable":true,"href":"http:\/\/www.alfa-net.com\/index.php?rest_route=%2Fwp%2Fv2%2Fcomments&post=41"}],"version-history":[{"count":8,"href":"http:\/\/www.alfa-net.com\/index.php?rest_route=\/wp\/v2\/pages\/41\/revisions"}],"predecessor-version":[{"id":486,"href":"http:\/\/www.alfa-net.com\/index.php?rest_route=\/wp\/v2\/pages\/41\/revisions\/486"}],"wp:attachment":[{"href":"http:\/\/www.alfa-net.com\/index.php?rest_route=%2Fwp%2Fv2%2Fmedia&parent=41"}],"curies":[{"name":"wp","href":"https:\/\/api.w.org\/{rel}","templated":true}]}}